{"id":594,"date":"2024-11-27T12:11:15","date_gmt":"2024-11-27T11:11:15","guid":{"rendered":"https:\/\/endpointinsights.net\/?page_id=594"},"modified":"2024-12-02T19:26:53","modified_gmt":"2024-12-02T18:26:53","slug":"referenzen","status":"publish","type":"page","link":"https:\/\/endpointinsights.net\/de\/referenzen\/","title":{"rendered":"References"},"content":{"rendered":"<p>You can verify all my certificates through LinkedIn (they are linked for online verification there).<\/p>\n<h1>My Microsoft Certifications<\/h1>\n\n\n<div class=\"wp-block-media-text alignwide is-stacked-on-mobile\" style=\"grid-template-columns:15% auto\"><figure class=\"wp-block-media-text__media\"><img decoding=\"async\" loading=\"lazy\" width=\"600\" height=\"600\" src=\"https:\/\/endpointinsights.net\/wp-content\/uploads\/2024\/12\/M365Expert.png\" alt=\"\" class=\"wp-image-1077 size-full\" srcset=\"https:\/\/endpointinsights.net\/wp-content\/uploads\/2024\/12\/M365Expert.png 600w, https:\/\/endpointinsights.net\/wp-content\/uploads\/2024\/12\/M365Expert-300x300.png 300w, https:\/\/endpointinsights.net\/wp-content\/uploads\/2024\/12\/M365Expert-150x150.png 150w\" sizes=\"(max-width: 600px) 100vw, 600px\" \/><\/figure><div class=\"wp-block-media-text__content\">\n<h2 class=\"wp-block-heading\">Microsoft 365 Certified: Administrator Expert<\/h2>\n\n\n\n<p><strong>Extended Until:<\/strong> 6. March 2025, 00:59 (UTC +01:00)<\/p>\n\n\n\n<p><strong>Earned On:<\/strong> 5. March 2020<\/p>\n\n\n\n<p><strong>Status:<\/strong> Active<\/p>\n\n\n\n<p><strong>Renew By:<\/strong> 6. March 2026<\/p>\n<\/div><\/div>\n\n\n\n<div class=\"wp-block-media-text alignwide is-stacked-on-mobile\" style=\"grid-template-columns:15% auto\"><figure class=\"wp-block-media-text__media\"><img decoding=\"async\" loading=\"lazy\" width=\"600\" height=\"600\" src=\"https:\/\/endpointinsights.net\/wp-content\/uploads\/2024\/12\/microsoft365-modern-desktop-administrator-associate-600x600-1.png\" alt=\"\" class=\"wp-image-1080 size-full\" srcset=\"https:\/\/endpointinsights.net\/wp-content\/uploads\/2024\/12\/microsoft365-modern-desktop-administrator-associate-600x600-1.png 600w, https:\/\/endpointinsights.net\/wp-content\/uploads\/2024\/12\/microsoft365-modern-desktop-administrator-associate-600x600-1-300x300.png 300w, https:\/\/endpointinsights.net\/wp-content\/uploads\/2024\/12\/microsoft365-modern-desktop-administrator-associate-600x600-1-150x150.png 150w\" sizes=\"(max-width: 600px) 100vw, 600px\" \/><\/figure><div class=\"wp-block-media-text__content\">\n<h2 class=\"wp-block-heading\">Microsoft 365 Certified: Endpoint Administrator Associate<\/h2>\n\n\n\n<p><strong>Extended Until:<\/strong> 24. January 2025, 00:59 (UTC +01:00)<\/p>\n\n\n\n<p><strong>Earned On:<\/strong> 23. January 2020<\/p>\n\n\n\n<p><strong>Status:<\/strong> Active<\/p>\n\n\n\n<p><strong>Renew By:<\/strong> 24. January 2026<\/p>\n<\/div><\/div>\n\n\n\n<div class=\"wp-block-media-text alignwide is-stacked-on-mobile\" style=\"grid-template-columns:15% auto\"><figure class=\"wp-block-media-text__media\"><img decoding=\"async\" loading=\"lazy\" width=\"600\" height=\"600\" src=\"https:\/\/endpointinsights.net\/wp-content\/uploads\/2024\/12\/security-operations-analyst-associate-600x600-1.png\" alt=\"\" class=\"wp-image-1083 size-full\" srcset=\"https:\/\/endpointinsights.net\/wp-content\/uploads\/2024\/12\/security-operations-analyst-associate-600x600-1.png 600w, https:\/\/endpointinsights.net\/wp-content\/uploads\/2024\/12\/security-operations-analyst-associate-600x600-1-300x300.png 300w, https:\/\/endpointinsights.net\/wp-content\/uploads\/2024\/12\/security-operations-analyst-associate-600x600-1-150x150.png 150w\" sizes=\"(max-width: 600px) 100vw, 600px\" \/><\/figure><div class=\"wp-block-media-text__content\">\n<h2 class=\"wp-block-heading\">Microsoft Certified: Security Operations Analyst Associate<\/h2>\n\n\n\n<p><strong>Expires On:<\/strong> 29. October 2025, 00:59 (UTC +01:00)<\/p>\n\n\n\n<p><strong>Earned On:<\/strong> 28. October 2022<\/p>\n\n\n\n<p><strong>Status:<\/strong> Active<\/p>\n<\/div><\/div>\n\n\n\n<div class=\"wp-block-media-text alignwide is-stacked-on-mobile\" style=\"grid-template-columns:15% auto\"><figure class=\"wp-block-media-text__media\"><img decoding=\"async\" loading=\"lazy\" width=\"600\" height=\"600\" src=\"https:\/\/endpointinsights.net\/wp-content\/uploads\/2024\/12\/CERT-Fundamentals-Power-Platform-1.png\" alt=\"\" class=\"wp-image-1085 size-full\" srcset=\"https:\/\/endpointinsights.net\/wp-content\/uploads\/2024\/12\/CERT-Fundamentals-Power-Platform-1.png 600w, https:\/\/endpointinsights.net\/wp-content\/uploads\/2024\/12\/CERT-Fundamentals-Power-Platform-1-300x300.png 300w, https:\/\/endpointinsights.net\/wp-content\/uploads\/2024\/12\/CERT-Fundamentals-Power-Platform-1-150x150.png 150w\" sizes=\"(max-width: 600px) 100vw, 600px\" \/><\/figure><div class=\"wp-block-media-text__content\">\n<p><\/p>\n\n\n\n<h2 class=\"wp-block-heading\">Microsoft Certified: Power Platform Fundamentals<\/h2>\n\n\n\n<p><strong>Earned On:<\/strong> 17. March 2022<\/p>\n\n\n\n<p><strong>Status:<\/strong> Active<\/p>\n\n\n\n<p><\/p>\n<\/div><\/div>\n\n\n\n<div class=\"wp-block-media-text alignwide is-stacked-on-mobile\" style=\"grid-template-columns:15% auto\"><figure class=\"wp-block-media-text__media\"><img decoding=\"async\" loading=\"lazy\" width=\"198\" height=\"199\" src=\"https:\/\/endpointinsights.net\/wp-content\/uploads\/2024\/12\/fund.png\" alt=\"\" class=\"wp-image-1086 size-full\" srcset=\"https:\/\/endpointinsights.net\/wp-content\/uploads\/2024\/12\/fund.png 198w, https:\/\/endpointinsights.net\/wp-content\/uploads\/2024\/12\/fund-150x150.png 150w\" sizes=\"(max-width: 198px) 100vw, 198px\" \/><\/figure><div class=\"wp-block-media-text__content\">\n<h2 class=\"wp-block-heading\">Microsoft Certified: Security, Compliance, and Identity Fundamentals<\/h2>\n\n\n\n<p><strong>Earned On:<\/strong> 15. February 2022<\/p>\n\n\n\n<p><strong>Status:<\/strong> Active<\/p>\n<\/div><\/div>\n\n\n\n<div class=\"wp-block-media-text alignwide is-stacked-on-mobile\" style=\"grid-template-columns:15% auto\"><figure class=\"wp-block-media-text__media\"><img decoding=\"async\" src=\"https:\/\/endpointinsights.net\/wp-content\/uploads\/2024\/12\/microsoft-certified-general-badge.svg\" alt=\"\" class=\"wp-image-1067 size-full\"\/><\/figure><div class=\"wp-block-media-text__content\">\n<h2 class=\"wp-block-heading\">Microsoft\u00ae Certified Technology Specialist: Administering and Deploying System Center 2012 Configuration Manager<\/h2>\n\n\n\n<p><strong>Earned On:<\/strong> 6. May 2015<\/p>\n\n\n\n<p><\/p>\n<\/div><\/div>\n\n\n<h1>My Project Managemnt Certifications:<\/h1>\n\n<p><\/p>\n<div class=\"ivm-image-view-model  pvs-entity__image \">\n<div class=\"ivm-view-attr__img-wrapper\n        \n        \"><strong style=\"font-size: revert; color: initial;\">PRINCE2\u00ae Foundation Certificate in Project ManagmentPRINCE2\u00ae<\/strong><\/div>\n<\/div>\n<ul>\n<li style=\"list-style-type: none;\">\n<ul>\n<li>PeopleCert<\/li>\n<li>Ausgestellt: Mai 2021<\/li>\n<li>Certifikats-ID: GR656209700PS<\/li>\n<\/ul>\n<\/li>\n<\/ul>\n<div class=\"display-flex flex-wrap align-items-center full-height\">\n<div class=\"display-flex \">\n<div class=\"\n          display-flex full-width\">\n<ul>\n<li class=\"display-flex align-items-center\n              mr1 t-bold\"><span aria-hidden=\"true\">ITIL (Version 2) Foundation Examination<\/span>\n<ul>\n<li><span style=\"font-size: revert; color: initial;\">T\u00dcV S\u00dcD<\/span><\/li>\n<li><span class=\"t-14 t-normal\n                  t-black--light\"><span class=\"pvs-entity__caption-wrapper\" aria-hidden=\"true\">Ausgestellt: Sept. 2009<\/span><\/span><\/li>\n<li><span class=\"t-14 t-normal\n                  t-black--light\"><span aria-hidden=\"true\">Zertifikats-ID: 0902#311022660<\/span><\/span><\/li>\n<\/ul>\n<\/li>\n<\/ul>\n<\/div>\n<\/div>\n<\/div>\n<p><\/p>\n\n<h1>My Language Certifications:<\/h1>\n<div>\u00a0<\/div>\n<div class=\"display-flex flex-column align-self-center flex-grow-1\">\n<div class=\"display-flex flex-row justify-space-between\">\n<div class=\"display-flex flex-wrap align-items-center full-height\">\n<div class=\"display-flex \">\n<div class=\"\n          display-flex full-width\">\n<ul>\n<li class=\"display-flex align-items-center\n              mr1 hoverable-link-text t-bold\">\n<ul>\n<li class=\"display-flex align-items-center\n              mr1 hoverable-link-text t-bold\">(B2 Upper Intermediate)<\/li>\n<li class=\"display-flex align-items-center\n              mr1 hoverable-link-text t-bold\"><span aria-hidden=\"true\">F SET English Certificate 57\/100<\/span><\/li>\n<\/ul>\n<\/li>\n<\/ul>\n<\/div>\n<\/div>\n<\/div>\n<\/div>\n<\/div>\n\n<h1>My Reference Projects:<\/h1>\n\n\n<figure class=\"wp-block-table is-style-stripes\"><table><tbody><tr><td>Window Lifecycle Mgmt bzw Windows Servicing in einer Hochsicherheitsumgebung<\/td><td>Rollout Prozesse f\u00fcr Feature Updates implementieren inkl. GPO Hardening (CIS\/BSI) Active Directory, Powershell<\/td><td>Ca. 3000<\/td><td>MSG Services -Kunde (2021) &#8211; 06\/2023<\/td><\/tr><tr><td>Setup Micrososft Defender for Endpoint inkl Autopilot<\/td><td>Komplettes Basis Setup f\u00fcr MS Defender (inkl Onboarding, Compliance &amp; Autopilot)<\/td><td>Ca. 500 clients<\/td><td>MSG Services -Kunde (2021)<\/td><\/tr><tr><td>BIOS Rollout<\/td><td>Automatisiertes BIOS Update f\u00fcr ca. 50 unterschiedliche Modelle mittels MECM &nbsp;<\/td><td>3000 clients<\/td><td>MSG Services -Kunde (2021)<\/td><\/tr><tr><td>MECM \u2013 Side-by-Side Migration MECM<\/td><td>Komplette Side-By-Side Migration inkl. Neu-Einrichtung MECM<\/td><td>Ca 500 Clients<\/td><td>MSG Services -Kunde (2021)<\/td><\/tr><tr><td>Mitwirkung bei der Umstellung von onPrem Client-Mgmt (MECM) zu Intune-Cloud-Mgmt<\/td><td>CloudManagment Gatewy (CMG), Applikationen, GPAnalytics, Documentation &nbsp;<\/td><td>250.000 globa<\/td><td>Infosys-Kunde (2021)<\/td><\/tr><tr><td>Windows-Lifcycle Mgmt (OSD) Config Manager, WufB<\/td><td>Windows 10 \/ Windows 11 Rollout + Quality &amp; Feature Udpates<\/td><td>Ca. 5500 devices<\/td><td>ElringKlinger AG 04\/2020<\/td><\/tr><tr><td>Delyivery Optimization &nbsp;<\/td><td>Inkl&nbsp; Windows Update for Business, Intune, O365, EdgeChromium<\/td><td>Ca. 5500 devices<\/td><td>ElringKlinger AG 04\/2020<\/td><\/tr><tr><td>CoManagement f\u00fcr Win10 (MDM-Intune+SECM)<\/td><td>Einf\u00fchrung MDM f\u00fcr Win10 Ger\u00e4te O365 \/ Windows Update for Business \/ AppStore \/ Company Portal,\u2026<\/td><td>Ca 5500 Devices<\/td><td>ElringKlinger AG 02\/2020<\/td><\/tr><tr><td>MAM-MDM (Conditional Access)<\/td><td>Einf\u00fchrung einer MS-Intune MDM umgebung f\u00fcr alle MobileDevicess (Export &amp; config Powershell)<\/td><td>Ca 1000 Mobile Devices<\/td><td>ElringKlinger AG (05\/2019 \u2013 2020)<\/td><\/tr><tr><td>Weltweite Migration auf Windows 10 mit SCCM 2012<\/td><td>Umstellung von Windows7 auf Windows 10. Management der angrenzenden Technologien: AD \/ KMS \/ WSUS \/ Office \/ App-Catalog \/Customizing bzw. Branding Windows 10 \/ GPOs \/ Application Compatibility \/ User Readiness \/ Desktop-Analytics, Security Baselines, Bitlocker<\/td><td>Global bzw. Ca 50 Standort weltweit Ca.5500 client<\/td><td>ElringKlinger AG (2018)<\/td><\/tr><tr><td>Umstellung WSUS &gt; SCCM<\/td><td>Verteilung der Updates \u00fcber SCCM Inkl. Monitoring \u00fcber Reports<\/td><td>Global (50 DPs, 5500 Clients)<\/td><td>ElringKlinger AG&nbsp; (08\/2017-07\/2018)<\/td><\/tr><tr><td>Migration von SCCM von Server 2008 auf 2012<\/td><td>Windows 10 Servicing setzt WSUS und Server 2012 vorraus<\/td><td>Global bzw. Site-Server teilweise DPs<\/td><td>ElringKlinger AG (2016)<\/td><\/tr><tr><td>Einf\u00fchrung eines Approval-Workflows f\u00fcr SCCM<\/td><td>Mit Hilfe von SCCM, Orchestrator, selbst programmierten Tools, und IIS<\/td><td>Global bzw. Site-Server teilweise DPs<\/td><td>ElringKlinger AG (2016)<\/td><\/tr><tr><td>Optimierung OSD<\/td><td>Dynnamisierung der Tasksequence f\u00fcr unterschiedliche HW (siehe eine Zeile tiefer *)<\/td><td>Global bzw. SITE-Server<\/td><td>ElringKlinger AG (2015)<\/td><\/tr><tr><td><strong>Einf\u00fchrung von SCCM 2012 und gleichzeitige Migration von Windows XP auf Windows 7<\/strong><\/td><td>*Erstellung eines neuen OSD mit SCCM 2012 (reagiert automatisch individuell auf unterschiedliche Hardware). Zeitgleich wird neue Hardware sowie OS (Windows 7 -64 Bit satt bisher Windows XP) eingef\u00fchrt. Erstellung von ca. 500 Sofwarepakete (sowie Treiber-Pakete), Images und Tasksequenzen f\u00fcr OSD. Update und Patchmanagement.. Programmierung von Tools zur Erweiterung von SCCM: z.B. Statusanzeige am Ende eines OSDs, Tool f\u00fcr Collection-Mgmt, Active-Directory-Tools, eigenes Backup-Tool anstelle von USMT)<\/td><td>Ca 2500 Clients an 3 verschiedenen Standorten &nbsp; Ca. 300 Sofwarepakete &nbsp; OSD: (Erstellung und Pflege von drei Basis-Images) &nbsp; &nbsp;<\/td><td>Koch, Neff &amp; Volckmar GmbH (2013-2014)<\/td><\/tr><tr><td><strong>\u00dcber Skripte automatisiertes Softwarerollout eines Systems f\u00fcr Prozesse auf H\u00e4ndlerarbeitspl\u00e4tzen und auf allen beteiligten Servern<\/strong><\/td><td>Aufgrund DB-Erweiterung mussten s\u00e4mtliche Prozesse auf allen H\u00e4ndler-Clients automatisiert verteilt werden. Dabei galt es je ein Prozesssteuerungsmodul mit s\u00e4mtlichen Kind-Modulen individuell je Rechner entweder \u00fcber INIs oder XMLs anzupassen (d.h. zuerste einlesen und darauf entsprechend reagieren) und zus\u00e4tzlich Prozessbibliotheken zu aktualisieren. Es mussten Skript neu entwickelt werden. Zeitgleich mussten alle Steuerungsprozesse auf den Servern aktualisiert werden.<\/td><td>Ca. 100 H\u00e4ndler-Clients &nbsp; Ca. 80 Server-Prozesse &nbsp; (5-10 Prozesse pro Client bzw. Server) &nbsp; &nbsp;<\/td><td>B\u00f6rse Stuttgart (2010)<\/td><\/tr><tr><td><strong>Umstellung von Netinstall auf Novell ZenWorks + Rollout neuer Leasing- Hardware<\/strong><\/td><td>Selbst\u00e4ndige Einf\u00fchrung von Novell-Zenworks anstelle von NetInstall. Damit verbunden war eine komplette Neuerstellung, zeitgleiche komplette automatisierung des OSD (WIN XP). Sowie das Erstellen s\u00e4mtlicher Softwarepakete und die damit verbundene Ausf\u00fchrung und Organisation des Soft- und Hardwarerollouts.<\/td><td>Ca. 350 Clients &nbsp; OSD &nbsp; Ca. 70 Sofwarepakete<\/td><td>Fraunhofer TEG (2004-2005)<\/td><\/tr><tr><td><strong>Mitwirkung des Fl\u00e4chenrollouts von Microsoft Server (BW)<\/strong> <strong>Polizei, JVA, Notariate<\/strong><\/td><td>Inhouse Installation und vor-Ort-Inbetriebnahme sowie Anpassung von Servern innerhalb des BW<\/td><td>Ca. 800 Server-OS<\/td><td>PC Service GmbH (2006)<\/td><\/tr><\/tbody><\/table><\/figure>\n<div class=\"shariff shariff-align-left shariff-widget-align-left\" data-services=\"facebook%7Creddit\" data-url=\"https:\/\/endpointinsights.net\/de\/referenzen\/\" data-timestamp=\"1733167613\" data-backendurl=\"https:\/\/endpointinsights.net\/de\/wp-json\/shariff\/v1\/share_counts?\"><div class=\"ShariffHeadline\">  <br \/>   <br \/> <i>Already shared <span class=\"shariff-total\">0<\/span> times!<\/i><\/div><ul class=\"shariff-buttons theme-round orientation-horizontal buttonsize-small\"><li class=\"shariff-button facebook shariff-nocustomcolor\" style=\"background-color:#4273c8\"><a href=\"https:\/\/www.facebook.com\/sharer\/sharer.php?u=https%3A%2F%2Fendpointinsights.net%2Fde%2Freferenzen%2F\" title=\"Share on Facebook\" aria-label=\"Share on Facebook\" role=\"button\" rel=\"nofollow\" class=\"shariff-link\" style=\"; background-color:#3b5998; color:#fff\" target=\"_blank\"><span class=\"shariff-icon\" style=\"\"><svg width=\"32px\" height=\"20px\" xmlns=\"http:\/\/www.w3.org\/2000\/svg\" viewBox=\"0 0 18 32\"><path fill=\"#3b5998\" d=\"M17.1 0.2v4.7h-2.8q-1.5 0-2.1 0.6t-0.5 1.9v3.4h5.2l-0.7 5.3h-4.5v13.6h-5.5v-13.6h-4.5v-5.3h4.5v-3.9q0-3.3 1.9-5.2t5-1.8q2.6 0 4.1 0.2z\"\/><\/svg><\/span><\/a><\/li><li class=\"shariff-button linkedin shariff-nocustomcolor\" style=\"background-color:#1488bf\"><a href=\"https:\/\/www.linkedin.com\/sharing\/share-offsite\/?url=https%3A%2F%2Fendpointinsights.net%2Fde%2Freferenzen%2F\" title=\"Share on LinkedIn\" aria-label=\"Share on LinkedIn\" role=\"button\" rel=\"noopener nofollow\" class=\"shariff-link\" style=\"; background-color:#0077b5; color:#fff\" target=\"_blank\"><span class=\"shariff-icon\" style=\"\"><svg width=\"32px\" height=\"20px\" xmlns=\"http:\/\/www.w3.org\/2000\/svg\" viewBox=\"0 0 27 32\"><path fill=\"#0077b5\" d=\"M6.2 11.2v17.7h-5.9v-17.7h5.9zM6.6 5.7q0 1.3-0.9 2.2t-2.4 0.9h0q-1.5 0-2.4-0.9t-0.9-2.2 0.9-2.2 2.4-0.9 2.4 0.9 0.9 2.2zM27.4 18.7v10.1h-5.9v-9.5q0-1.9-0.7-2.9t-2.3-1.1q-1.1 0-1.9 0.6t-1.2 1.5q-0.2 0.5-0.2 1.4v9.9h-5.9q0-7.1 0-11.6t0-5.3l0-0.9h5.9v2.6h0q0.4-0.6 0.7-1t1-0.9 1.6-0.8 2-0.3q3 0 4.9 2t1.9 6z\"\/><\/svg><\/span><\/a><\/li><li class=\"shariff-button xing shariff-nocustomcolor\" style=\"background-color:#29888a\"><a href=\"https:\/\/www.xing.com\/spi\/shares\/new?url=https%3A%2F%2Fendpointinsights.net%2Fde%2Freferenzen%2F\" title=\"Share on XING\" aria-label=\"Share on XING\" role=\"button\" rel=\"noopener nofollow\" class=\"shariff-link\" style=\"; background-color:#126567; color:#fff\" target=\"_blank\"><span class=\"shariff-icon\" style=\"\"><svg width=\"32px\" height=\"20px\" xmlns=\"http:\/\/www.w3.org\/2000\/svg\" viewBox=\"0 0 25 32\"><path fill=\"#126567\" d=\"M10.7 11.9q-0.2 0.3-4.6 8.2-0.5 0.8-1.2 0.8h-4.3q-0.4 0-0.5-0.3t0-0.6l4.5-8q0 0 0 0l-2.9-5q-0.2-0.4 0-0.7 0.2-0.3 0.5-0.3h4.3q0.7 0 1.2 0.8zM25.1 0.4q0.2 0.3 0 0.7l-9.4 16.7 6 11q0.2 0.4 0 0.6-0.2 0.3-0.6 0.3h-4.3q-0.7 0-1.2-0.8l-6-11.1q0.3-0.6 9.5-16.8 0.4-0.8 1.2-0.8h4.3q0.4 0 0.5 0.3z\"\/><\/svg><\/span><\/a><\/li><li class=\"shariff-button mailto shariff-nocustomcolor\" style=\"background-color:#a8a8a8\"><a href=\"mailto:?body=https%3A%2F%2Fendpointinsights.net%2Fde%2Freferenzen%2F&subject=References\" title=\"Send by email\" aria-label=\"Send by email\" role=\"button\" rel=\"noopener nofollow\" class=\"shariff-link\" style=\"; background-color:#999; color:#fff\"><span class=\"shariff-icon\" style=\"\"><svg width=\"32px\" height=\"20px\" xmlns=\"http:\/\/www.w3.org\/2000\/svg\" viewBox=\"0 0 32 32\"><path fill=\"#999\" d=\"M32 12.7v14.2q0 1.2-0.8 2t-2 0.9h-26.3q-1.2 0-2-0.9t-0.8-2v-14.2q0.8 0.9 1.8 1.6 6.5 4.4 8.9 6.1 1 0.8 1.6 1.2t1.7 0.9 2 0.4h0.1q0.9 0 2-0.4t1.7-0.9 1.6-1.2q3-2.2 8.9-6.1 1-0.7 1.8-1.6zM32 7.4q0 1.4-0.9 2.7t-2.2 2.2q-6.7 4.7-8.4 5.8-0.2 0.1-0.7 0.5t-1 0.7-0.9 0.6-1.1 0.5-0.9 0.2h-0.1q-0.4 0-0.9-0.2t-1.1-0.5-0.9-0.6-1-0.7-0.7-0.5q-1.6-1.1-4.7-3.2t-3.6-2.6q-1.1-0.7-2.1-2t-1-2.5q0-1.4 0.7-2.3t2.1-0.9h26.3q1.2 0 2 0.8t0.9 2z\"\/><\/svg><\/span><\/a><\/li><li class=\"shariff-button mastodon shariff-nocustomcolor\" style=\"background-color:#563ACC\"><a href=\"https:\/\/s2f.kytta.dev\/?text=References https%3A%2F%2Fendpointinsights.net%2Fde%2Freferenzen%2F\" title=\"Share on Mastodon\" aria-label=\"Share on Mastodon\" role=\"button\" rel=\"noopener nofollow\" class=\"shariff-link\" style=\"; background-color:#6364FF; color:#fff\" target=\"_blank\"><span class=\"shariff-icon\" style=\"\"><svg width=\"75\" height=\"79\" viewBox=\"0 0 75 79\" fill=\"none\" xmlns=\"http:\/\/www.w3.org\/2000\/svg\"><path d=\"M37.813-.025C32.462-.058 27.114.13 21.79.598c-8.544.621-17.214 5.58-20.203 13.931C-1.12 23.318.408 32.622.465 41.65c.375 7.316.943 14.78 3.392 21.73 4.365 9.465 14.781 14.537 24.782 15.385 7.64.698 15.761-.213 22.517-4.026a54.1 54.1 0 0 0 .01-6.232c-6.855 1.316-14.101 2.609-21.049 1.074-3.883-.88-6.876-4.237-7.25-8.215-1.53-3.988 3.78-.43 5.584-.883 9.048 1.224 18.282.776 27.303-.462 7.044-.837 14.26-4.788 16.65-11.833 2.263-6.135 1.215-12.79 1.698-19.177.06-3.84.09-7.692-.262-11.52C72.596 7.844 63.223.981 53.834.684a219.453 219.453 0 0 0-16.022-.71zm11.294 12.882c5.5-.067 10.801 4.143 11.67 9.653.338 1.48.471 3 .471 4.515v21.088h-8.357c-.07-7.588.153-15.182-.131-22.765-.587-4.368-7.04-5.747-9.672-2.397-2.422 3.04-1.47 7.155-1.67 10.735v6.392h-8.307c-.146-4.996.359-10.045-.404-15.002-1.108-4.218-7.809-5.565-10.094-1.666-1.685 3.046-.712 6.634-.976 9.936v14.767h-8.354c.109-8.165-.238-16.344.215-24.5.674-5.346 5.095-10.389 10.676-10.627 4.902-.739 10.103 2.038 12.053 6.631.375 1.435 1.76 1.932 1.994.084 1.844-3.704 5.501-6.739 9.785-6.771.367-.044.735-.068 1.101-.073z\"\/><defs><linearGradient id=\"paint0_linear_549_34\" x1=\"37.0692\" y1=\"0\" x2=\"37.0692\" y2=\"79\" gradientUnits=\"userSpaceOnUse\"><stop stop-color=\"#6364FF\"\/><stop offset=\"1\" stop-color=\"#563ACC\"\/><\/linearGradient><\/defs><\/svg><\/span><\/a><\/li><li class=\"shariff-button reddit shariff-nocustomcolor\" style=\"background-color:#ff5700\"><a href=\"https:\/\/www.reddit.com\/submit?url=https%3A%2F%2Fendpointinsights.net%2Fde%2Freferenzen%2F\" title=\"Share on Reddit\" aria-label=\"Share on Reddit\" role=\"button\" rel=\"noopener nofollow\" class=\"shariff-link\" style=\"; background-color:#ff4500; color:#fff\" target=\"_blank\"><span class=\"shariff-icon\" style=\"\"><svg xmlns=\"http:\/\/www.w3.org\/2000\/svg\" viewBox=\"0 0 512 512\"><path fill=\"#ff4500\" d=\"M440.3 203.5c-15 0-28.2 6.2-37.9 15.9-35.7-24.7-83.8-40.6-137.1-42.3L293 52.3l88.2 19.8c0 21.6 17.6 39.2 39.2 39.2 22 0 39.7-18.1 39.7-39.7s-17.6-39.7-39.7-39.7c-15.4 0-28.7 9.3-35.3 22l-97.4-21.6c-4.9-1.3-9.7 2.2-11 7.1L246.3 177c-52.9 2.2-100.5 18.1-136.3 42.8-9.7-10.1-23.4-16.3-38.4-16.3-55.6 0-73.8 74.6-22.9 100.1-1.8 7.9-2.6 16.3-2.6 24.7 0 83.8 94.4 151.7 210.3 151.7 116.4 0 210.8-67.9 210.8-151.7 0-8.4-.9-17.2-3.1-25.1 49.9-25.6 31.5-99.7-23.8-99.7zM129.4 308.9c0-22 17.6-39.7 39.7-39.7 21.6 0 39.2 17.6 39.2 39.7 0 21.6-17.6 39.2-39.2 39.2-22 .1-39.7-17.6-39.7-39.2zm214.3 93.5c-36.4 36.4-139.1 36.4-175.5 0-4-3.5-4-9.7 0-13.7 3.5-3.5 9.7-3.5 13.2 0 27.8 28.5 120 29 149 0 3.5-3.5 9.7-3.5 13.2 0 4.1 4 4.1 10.2.1 13.7zm-.8-54.2c-21.6 0-39.2-17.6-39.2-39.2 0-22 17.6-39.7 39.2-39.7 22 0 39.7 17.6 39.7 39.7-.1 21.5-17.7 39.2-39.7 39.2z\"\/><\/svg><\/span><\/a><\/li><li class=\"shariff-button rss shariff-nocustomcolor\" style=\"background-color:#ff8c00\"><a href=\"https:\/\/endpointinsights.net\/de\/feed\/rss\/\" title=\"RSS feed\" aria-label=\"RSS feed\" role=\"button\" class=\"shariff-link\" style=\"; background-color:#fe9312; color:#fff\" target=\"_blank\"><span class=\"shariff-icon\" style=\"\"><svg width=\"32px\" height=\"20px\" xmlns=\"http:\/\/www.w3.org\/2000\/svg\" viewBox=\"0 0 32 32\"><path fill=\"#fe9312\" d=\"M4.3 23.5c-2.3 0-4.3 1.9-4.3 4.3 0 2.3 1.9 4.2 4.3 4.2 2.4 0 4.3-1.9 4.3-4.2 0-2.3-1.9-4.3-4.3-4.3zM0 10.9v6.1c4 0 7.7 1.6 10.6 4.4 2.8 2.8 4.4 6.6 4.4 10.6h6.2c0-11.7-9.5-21.1-21.1-21.1zM0 0v6.1c14.2 0 25.8 11.6 25.8 25.9h6.2c0-17.6-14.4-32-32-32z\"\/><\/svg><\/span><\/a><\/li><li class=\"shariff-button twitter shariff-nocustomcolor\" style=\"background-color:#595959\"><a href=\"https:\/\/twitter.com\/share?url=https%3A%2F%2Fendpointinsights.net%2Fde%2Freferenzen%2F&text=References\" title=\"Share on X\" aria-label=\"Share on X\" role=\"button\" rel=\"noopener nofollow\" class=\"shariff-link\" style=\"; background-color:#000; color:#fff\" target=\"_blank\"><span class=\"shariff-icon\" style=\"\"><svg width=\"32px\" height=\"20px\" xmlns=\"http:\/\/www.w3.org\/2000\/svg\" viewBox=\"0 0 24 24\"><path fill=\"#000\" d=\"M14.258 10.152L23.176 0h-2.113l-7.747 8.813L7.133 0H0l9.352 13.328L0 23.973h2.113l8.176-9.309 6.531 9.309h7.133zm-2.895 3.293l-.949-1.328L2.875 1.56h3.246l6.086 8.523.945 1.328 7.91 11.078h-3.246zm0 0\"\/><\/svg><\/span><\/a><\/li><\/ul><\/div>","protected":false},"excerpt":{"rendered":"<p>You can verify all my certificates through LinkedIn (they are linked for online verification there). My Microsoft Certifications Microsoft 365 Certified: Administrator Expert Extended Until: 6. March 2025, 00:59 (UTC +01:00) Earned On: 5. March 2020 Status: Active Renew By: 6. March 2026 Microsoft 365 Certified: Endpoint Administrator Associate Extended Until: 24. January 2025, 00:59 (UTC +01:00) Earned On: 23.<\/p>\n<p><a class=\"more-link\" href=\"https:\/\/endpointinsights.net\/de\/referenzen\/\">Weiterlesen<\/a><\/p>\n","protected":false},"author":1,"featured_media":0,"parent":0,"menu_order":0,"comment_status":"closed","ping_status":"closed","template":"templates\/template-full-width.php","meta":[],"translation":{"provider":"WPGlobus","version":"3.0.2","language":"de","enabled_languages":["en","de"],"languages":{"en":{"title":true,"content":true,"excerpt":false},"de":{"title":false,"content":false,"excerpt":false}}},"_links":{"self":[{"href":"https:\/\/endpointinsights.net\/de\/wp-json\/wp\/v2\/pages\/594"}],"collection":[{"href":"https:\/\/endpointinsights.net\/de\/wp-json\/wp\/v2\/pages"}],"about":[{"href":"https:\/\/endpointinsights.net\/de\/wp-json\/wp\/v2\/types\/page"}],"author":[{"embeddable":true,"href":"https:\/\/endpointinsights.net\/de\/wp-json\/wp\/v2\/users\/1"}],"replies":[{"embeddable":true,"href":"https:\/\/endpointinsights.net\/de\/wp-json\/wp\/v2\/comments?post=594"}],"version-history":[{"count":16,"href":"https:\/\/endpointinsights.net\/de\/wp-json\/wp\/v2\/pages\/594\/revisions"}],"predecessor-version":[{"id":1097,"href":"https:\/\/endpointinsights.net\/de\/wp-json\/wp\/v2\/pages\/594\/revisions\/1097"}],"wp:attachment":[{"href":"https:\/\/endpointinsights.net\/de\/wp-json\/wp\/v2\/media?parent=594"}],"curies":[{"name":"wp","href":"https:\/\/api.w.org\/{rel}","templated":true}]}}