{"id":616,"date":"2024-11-27T12:37:48","date_gmt":"2024-11-27T11:37:48","guid":{"rendered":"https:\/\/endpointinsights.net\/?page_id=616"},"modified":"2025-04-22T10:56:39","modified_gmt":"2025-04-22T08:56:39","slug":"myskills","status":"publish","type":"page","link":"https:\/\/endpointinsights.net\/de\/my-services\/myskills\/","title":{"rendered":"Meine Services"},"content":{"rendered":"\n<figure class=\"wp-block-image size-full\"><img decoding=\"async\" loading=\"lazy\" width=\"945\" height=\"540\" src=\"https:\/\/endpointinsights.net\/wp-content\/uploads\/2024\/11\/image.png\" alt=\"\" class=\"wp-image-828\" srcset=\"https:\/\/endpointinsights.net\/wp-content\/uploads\/2024\/11\/image.png 945w, https:\/\/endpointinsights.net\/wp-content\/uploads\/2024\/11\/image-300x171.png 300w, https:\/\/endpointinsights.net\/wp-content\/uploads\/2024\/11\/image-768x439.png 768w, https:\/\/endpointinsights.net\/wp-content\/uploads\/2024\/11\/image-800x457.png 800w\" sizes=\"(max-width: 945px) 100vw, 945px\" \/><\/figure>\n\n\n\n<p><\/p>\n\n\n\n<p><\/p>\n\n\n\n<figure class=\"wp-block-table is-style-stripes animated fadeIn\"><table><tbody><tr><th>Skill<\/th><th>Beschreibung<\/th><th>Microsoft Technologien<\/th><\/tr><tr><td><strong>Cloud Transformation<\/strong><\/td><td>\u00dcbergang von On-Premises-IT-Systemen zur Cloud und Optimierung der IT-Infrastruktur.<\/td><td>Microsoft Azure, Entra<\/td><\/tr><tr><td><strong>Security Consulting<\/strong><\/td><td>Implementierung und Verwaltung von Sicherheitsl\u00f6sungen zum Schutz Ihrer Daten und Systeme.<\/td><td>Microsoft Defender, Entra Security Center, Microsoft Sentinel<\/td><\/tr><tr><td><strong>Identity and Access Management<\/strong><\/td><td>Konfiguration und Verwaltung von Benutzerkonten und Berechtigungen, um nur autorisierten Zugriff zu gew\u00e4hrleisten.<\/td><td>Entra ID, Conditional Access, MFA<\/td><\/tr><tr><td><\/td><td>&nbsp;Verwaltung von Benutzerzugriffen und Privilegien zum Schutz sensibler Informationen.<\/td><td>Entra ID, Conditional Access, Privileged Identity Management<\/td><\/tr><tr><td><strong>Compliance Management<\/strong><\/td><td>Unterst\u00fctzung bei der Einhaltung gesetzlicher und regulatorischer Anforderungen.<\/td><td>Microsoft Compliance Policies, Entra Information Protection<\/td><\/tr><tr><td><\/td><td>&nbsp;Sicherstellung, dass Ihre Organisation branchenspezifische Sicherheitsstandards und Vorschriften einh\u00e4lt.<\/td><td>Microsoft Compliance Manager, Entra Information Protection<\/td><\/tr><tr><td><strong>IT Consulting and Support<\/strong><\/td><td>Bereitstellung von technischem Support und Beratung zur Optimierung von IT-Systemen.<\/td><td>Microsoft Premier Support, FastTrack<\/td><\/tr><tr><td><strong>Training and Workshops<\/strong><\/td><td>Durchf\u00fchrung von Schulungen und Workshops, um Mitarbeiter im Umgang mit Microsoft 365 zu schulen.<\/td><td>Microsoft Learn, MS365 Training Center<\/td><\/tr><tr><td><\/td><td>Schulung der Mitarbeiter zu Best Practices zur Aufrechterhaltung der Sicherheit und zur Vermeidung von Sicherheitsverletzungen.<\/td><td>Microsoft Secure Score, Compliance Training<\/td><\/tr><tr><td><strong>Customization and Integration<\/strong><\/td><td>Anpassung von Microsoft 365 an spezifische Gesch\u00e4ftsanforderungen und Integration mit anderen Systemen.<\/td><td>Power Automate, Power Apps, Logic Apps, PowerShell<\/td><\/tr><tr><td><strong>Security Audits<\/strong><\/td><td>Durchf\u00fchrung gr\u00fcndlicher Bewertungen Ihrer IT-Umgebung zur Identifizierung von Schwachstellen und Empfehlungen f\u00fcr Verbesserungen.<\/td><td>Microsoft Defender for Identity, Entra Security Center<\/td><\/tr><tr><td><strong>Threat Analysis<\/strong><\/td><td>\u00dcberwachung und Analyse potenzieller Bedrohungen f\u00fcr Ihre Systeme und Daten.<\/td><td>Microsoft Sentinel, Microsoft Defender for Endpoint<\/td><\/tr><tr><td><strong>Incident Response<\/strong><\/td><td>Bereitstellung schneller Reaktion und Unterst\u00fctzung im Falle eines Sicherheitsvorfalls oder einer Sicherheitsverletzung.<\/td><td>Microsoft Incident Response Services, Entra Security Center<\/td><\/tr><tr><td><strong>Data Encryption<\/strong><\/td><td>Implementierung von Verschl\u00fcsselungstechnologien zum Schutz von Daten sowohl w\u00e4hrend der \u00dcbertragung als auch im Ruhezustand.<\/td><td>Azure Encryption, Entra Information Protection<\/td><\/tr><tr><td><strong>Security Policy Development<\/strong><\/td><td>Erstellung und Pflege umfassender Sicherheitsrichtlinien f\u00fcr Ihre Organisation.<\/td><td>Microsoft Secure Score, Compliance Manager<\/td><\/tr><tr><td><strong>Endpoint Protection<\/strong><\/td><td>Sicherstellung, dass alle an Ihr Netzwerk angeschlossenen Ger\u00e4te vor Bedrohungen gesch\u00fctzt sind.<\/td><td>Microsoft Defender for Endpoint, Intune<\/td><\/tr><tr><td><strong>Microsoft Defender for Endpoint<\/strong><\/td><td>Bereitstellung und Verwaltung von Defender for Endpoint zur Bereitstellung von fortschrittlichem Bedrohungsschutz und Endpunktsicherheit.<\/td><td>Microsoft Defender for Endpoint<\/td><\/tr><tr><td><strong>Automation<\/strong><\/td><td>Implementierung von Automatisierungsl\u00f6sungen mit Tools wie PowerShell zur Rationalisierung und Optimierung von IT-Prozessen.<\/td><td>PowerShell, Azure Automation, Logic Apps<\/td><\/tr><tr><td><strong>Integration mit MSGraph zur Automatisierung von Aufgaben und Workflows.<\/strong><\/td><td>&nbsp;<\/td><td>MSGraph, Power Automate, Azure Logic Apps<\/td><\/tr><tr><td><strong>Data Management and Analytics<\/strong><\/td><td>Nutzung von Data-Warehouse-L\u00f6sungen zur Speicherung und Analyse gro\u00dfer Datenmengen.<\/td><td>Azure Data Factory, SQL Data Warehouse, Power BI<\/td><\/tr><tr><td><\/td><td>&nbsp;Integration mit Microsoft 365-Diensten f\u00fcr umfassende Datenanalysen und Berichterstellung.<\/td><td>Power BI, Microsoft Graph API<\/td><\/tr><tr><td><\/td><td>&nbsp;Nutzung des Intune Data Warehouse zum Erstellen von Berichten, die Einblicke in Ihre Unternehmensumgebung bieten.<\/td><td>Intune Data Warehouse, Microsoft Graph API<\/td><\/tr><tr><td><\/td><td>&nbsp;Verwendung der KQL (Kusto Query Language) f\u00fcr erweiterte Datenabfragen und -analysen.<\/td><td>Azure Data Explorer, Kusto Query Language<\/td><\/tr><tr><td><strong>Configuration Manager<\/strong><\/td><td>Verwaltung von On-Premises-Ger\u00e4ten und -Systemen mit Microsoft Endpoint Configuration Manager.<\/td><td>Configuration Manager (SCCM), Tenant Attach, Co-Management<\/td><\/tr><tr><td><\/td><td>&nbsp;Bereitstellung von Software-Updates, Verwaltung von Compliance-Einstellungen und Konfiguration von Betriebssystemen.<\/td><td>Configuration Manager (SCCM)<\/td><\/tr><tr><td><\/td><td>&nbsp;Nutzung von Tenant Attach f\u00fcr einheitliches Ger\u00e4temanagement.<\/td><td>Configuration Manager, Intune<\/td><\/tr><tr><td><\/td><td>&nbsp;Implementierung von Co-Management zur Verwaltung von Ger\u00e4ten mit sowohl Configuration Manager als auch Microsoft Intune.<\/td><td>Configuration Manager, Intune<\/td><\/tr><tr><td><\/td><td>Verwaltung von Benutzer- und Computerkonten mit Active Directory.<\/td><td>Active Directory, Group Policy<\/td><\/tr><tr><td>I<\/td><td>&nbsp;mplementierung und Verwaltung von Gruppenrichtlinienobjekten (GPOs) zur Durchsetzung von Sicherheitseinstellungen und Konfigurationsrichtlinien.<\/td><td>Group Policy<\/td><\/tr><tr><td>SQL Reporting Services<\/td><td>Entwerfen und Bereitstellen von Berichten mit SQL Server Reporting Services (SSRS).<\/td><td>SQL Server Reporting Services (SSRS)<\/td><\/tr><tr><td><\/td><td>&nbsp;Integration von SQL-Berichten mit anderen Microsoft 365-Diensten f\u00fcr umfassende Datenanalysen.<\/td><td>Power BI, Microsoft Graph API<\/td><\/tr><tr><td><strong>Mobile Devices und BYOD<\/strong><\/td><td>&nbsp;<\/td><td>&nbsp;<\/td><\/tr><tr><td>Ger\u00e4teverwaltung und -sicherheit:<\/td><td>Konfiguration und Verwaltung der Anmeldung von iOS- und Android-Ger\u00e4ten.<\/td><td>Intune, Microsoft Endpoint Manager<\/td><\/tr><tr><td><\/td><td>&nbsp;Erstellung und Verwaltung von Sicherheitsrichtlinien sowie Sicherung und L\u00f6schung von Ger\u00e4ten.<\/td><td>Intune, Microsoft Endpoint Manager<\/td><\/tr><tr><td>Einschr\u00e4nkungen und Richtlinien:<\/td><td>Festlegung und Verwaltung von Einschr\u00e4nkungen und Richtlinien f\u00fcr mobile Ger\u00e4te, einschlie\u00dflich benutzerdefinierter Ger\u00e4tetypbeschr\u00e4nkungen und -limits<\/td><td><\/td><\/tr><tr><td>Troubleshooting und Compliance:<\/td><td>Sicherstellung der Einhaltung von Sicherheitsstandards und gesetzlichen Vorschriften. Diagnose und Behebung von Problemen bei der Ger\u00e4teanmeldung. <\/td><td>Microsoft Compliance Policies, Entra Information Protection<\/td><\/tr><\/tbody><\/table><\/figure>\n<div class=\"shariff shariff-align-left shariff-widget-align-left\" data-services=\"facebook%7Creddit\" data-url=\"https:\/\/endpointinsights.net\/de\/my-services\/myskills\/\" data-timestamp=\"1745319399\" data-backendurl=\"https:\/\/endpointinsights.net\/de\/wp-json\/shariff\/v1\/share_counts?\"><div class=\"ShariffHeadline\">  <br \/>   <br \/> <i>Already shared <span class=\"shariff-total\">0<\/span> times!<\/i><\/div><ul class=\"shariff-buttons theme-round orientation-horizontal buttonsize-small\"><li class=\"shariff-button facebook shariff-nocustomcolor\" style=\"background-color:#4273c8\"><a href=\"https:\/\/www.facebook.com\/sharer\/sharer.php?u=https%3A%2F%2Fendpointinsights.net%2Fde%2Fmy-services%2Fmyskills%2F\" title=\"Share on Facebook\" aria-label=\"Share on Facebook\" role=\"button\" rel=\"nofollow\" class=\"shariff-link\" style=\"; background-color:#3b5998; color:#fff\" target=\"_blank\"><span class=\"shariff-icon\" style=\"\"><svg width=\"32px\" height=\"20px\" xmlns=\"http:\/\/www.w3.org\/2000\/svg\" viewBox=\"0 0 18 32\"><path fill=\"#3b5998\" d=\"M17.1 0.2v4.7h-2.8q-1.5 0-2.1 0.6t-0.5 1.9v3.4h5.2l-0.7 5.3h-4.5v13.6h-5.5v-13.6h-4.5v-5.3h4.5v-3.9q0-3.3 1.9-5.2t5-1.8q2.6 0 4.1 0.2z\"\/><\/svg><\/span><\/a><\/li><li class=\"shariff-button linkedin shariff-nocustomcolor\" style=\"background-color:#1488bf\"><a href=\"https:\/\/www.linkedin.com\/sharing\/share-offsite\/?url=https%3A%2F%2Fendpointinsights.net%2Fde%2Fmy-services%2Fmyskills%2F\" title=\"Share on LinkedIn\" aria-label=\"Share on LinkedIn\" role=\"button\" rel=\"noopener nofollow\" class=\"shariff-link\" style=\"; background-color:#0077b5; color:#fff\" target=\"_blank\"><span class=\"shariff-icon\" style=\"\"><svg width=\"32px\" height=\"20px\" xmlns=\"http:\/\/www.w3.org\/2000\/svg\" viewBox=\"0 0 27 32\"><path fill=\"#0077b5\" d=\"M6.2 11.2v17.7h-5.9v-17.7h5.9zM6.6 5.7q0 1.3-0.9 2.2t-2.4 0.9h0q-1.5 0-2.4-0.9t-0.9-2.2 0.9-2.2 2.4-0.9 2.4 0.9 0.9 2.2zM27.4 18.7v10.1h-5.9v-9.5q0-1.9-0.7-2.9t-2.3-1.1q-1.1 0-1.9 0.6t-1.2 1.5q-0.2 0.5-0.2 1.4v9.9h-5.9q0-7.1 0-11.6t0-5.3l0-0.9h5.9v2.6h0q0.4-0.6 0.7-1t1-0.9 1.6-0.8 2-0.3q3 0 4.9 2t1.9 6z\"\/><\/svg><\/span><\/a><\/li><li class=\"shariff-button xing shariff-nocustomcolor\" style=\"background-color:#29888a\"><a href=\"https:\/\/www.xing.com\/spi\/shares\/new?url=https%3A%2F%2Fendpointinsights.net%2Fde%2Fmy-services%2Fmyskills%2F\" title=\"Share on XING\" aria-label=\"Share on XING\" role=\"button\" rel=\"noopener nofollow\" class=\"shariff-link\" style=\"; background-color:#126567; color:#fff\" target=\"_blank\"><span class=\"shariff-icon\" style=\"\"><svg width=\"32px\" height=\"20px\" xmlns=\"http:\/\/www.w3.org\/2000\/svg\" viewBox=\"0 0 25 32\"><path fill=\"#126567\" d=\"M10.7 11.9q-0.2 0.3-4.6 8.2-0.5 0.8-1.2 0.8h-4.3q-0.4 0-0.5-0.3t0-0.6l4.5-8q0 0 0 0l-2.9-5q-0.2-0.4 0-0.7 0.2-0.3 0.5-0.3h4.3q0.7 0 1.2 0.8zM25.1 0.4q0.2 0.3 0 0.7l-9.4 16.7 6 11q0.2 0.4 0 0.6-0.2 0.3-0.6 0.3h-4.3q-0.7 0-1.2-0.8l-6-11.1q0.3-0.6 9.5-16.8 0.4-0.8 1.2-0.8h4.3q0.4 0 0.5 0.3z\"\/><\/svg><\/span><\/a><\/li><li class=\"shariff-button mailto shariff-nocustomcolor\" style=\"background-color:#a8a8a8\"><a href=\"mailto:?body=https%3A%2F%2Fendpointinsights.net%2Fde%2Fmy-services%2Fmyskills%2F&subject=Meine%20Services\" title=\"Send by email\" aria-label=\"Send by email\" role=\"button\" rel=\"noopener nofollow\" class=\"shariff-link\" style=\"; background-color:#999; color:#fff\"><span class=\"shariff-icon\" style=\"\"><svg width=\"32px\" height=\"20px\" xmlns=\"http:\/\/www.w3.org\/2000\/svg\" viewBox=\"0 0 32 32\"><path fill=\"#999\" d=\"M32 12.7v14.2q0 1.2-0.8 2t-2 0.9h-26.3q-1.2 0-2-0.9t-0.8-2v-14.2q0.8 0.9 1.8 1.6 6.5 4.4 8.9 6.1 1 0.8 1.6 1.2t1.7 0.9 2 0.4h0.1q0.9 0 2-0.4t1.7-0.9 1.6-1.2q3-2.2 8.9-6.1 1-0.7 1.8-1.6zM32 7.4q0 1.4-0.9 2.7t-2.2 2.2q-6.7 4.7-8.4 5.8-0.2 0.1-0.7 0.5t-1 0.7-0.9 0.6-1.1 0.5-0.9 0.2h-0.1q-0.4 0-0.9-0.2t-1.1-0.5-0.9-0.6-1-0.7-0.7-0.5q-1.6-1.1-4.7-3.2t-3.6-2.6q-1.1-0.7-2.1-2t-1-2.5q0-1.4 0.7-2.3t2.1-0.9h26.3q1.2 0 2 0.8t0.9 2z\"\/><\/svg><\/span><\/a><\/li><li class=\"shariff-button mastodon shariff-nocustomcolor\" style=\"background-color:#563ACC\"><a href=\"https:\/\/s2f.kytta.dev\/?text=Meine%20Services https%3A%2F%2Fendpointinsights.net%2Fde%2Fmy-services%2Fmyskills%2F\" title=\"Share on Mastodon\" aria-label=\"Share on Mastodon\" role=\"button\" rel=\"noopener nofollow\" class=\"shariff-link\" style=\"; background-color:#6364FF; color:#fff\" target=\"_blank\"><span class=\"shariff-icon\" style=\"\"><svg width=\"75\" height=\"79\" viewBox=\"0 0 75 79\" fill=\"none\" xmlns=\"http:\/\/www.w3.org\/2000\/svg\"><path d=\"M37.813-.025C32.462-.058 27.114.13 21.79.598c-8.544.621-17.214 5.58-20.203 13.931C-1.12 23.318.408 32.622.465 41.65c.375 7.316.943 14.78 3.392 21.73 4.365 9.465 14.781 14.537 24.782 15.385 7.64.698 15.761-.213 22.517-4.026a54.1 54.1 0 0 0 .01-6.232c-6.855 1.316-14.101 2.609-21.049 1.074-3.883-.88-6.876-4.237-7.25-8.215-1.53-3.988 3.78-.43 5.584-.883 9.048 1.224 18.282.776 27.303-.462 7.044-.837 14.26-4.788 16.65-11.833 2.263-6.135 1.215-12.79 1.698-19.177.06-3.84.09-7.692-.262-11.52C72.596 7.844 63.223.981 53.834.684a219.453 219.453 0 0 0-16.022-.71zm11.294 12.882c5.5-.067 10.801 4.143 11.67 9.653.338 1.48.471 3 .471 4.515v21.088h-8.357c-.07-7.588.153-15.182-.131-22.765-.587-4.368-7.04-5.747-9.672-2.397-2.422 3.04-1.47 7.155-1.67 10.735v6.392h-8.307c-.146-4.996.359-10.045-.404-15.002-1.108-4.218-7.809-5.565-10.094-1.666-1.685 3.046-.712 6.634-.976 9.936v14.767h-8.354c.109-8.165-.238-16.344.215-24.5.674-5.346 5.095-10.389 10.676-10.627 4.902-.739 10.103 2.038 12.053 6.631.375 1.435 1.76 1.932 1.994.084 1.844-3.704 5.501-6.739 9.785-6.771.367-.044.735-.068 1.101-.073z\"\/><defs><linearGradient id=\"paint0_linear_549_34\" x1=\"37.0692\" y1=\"0\" x2=\"37.0692\" y2=\"79\" gradientUnits=\"userSpaceOnUse\"><stop stop-color=\"#6364FF\"\/><stop offset=\"1\" stop-color=\"#563ACC\"\/><\/linearGradient><\/defs><\/svg><\/span><\/a><\/li><li class=\"shariff-button reddit shariff-nocustomcolor\" style=\"background-color:#ff5700\"><a href=\"https:\/\/www.reddit.com\/submit?url=https%3A%2F%2Fendpointinsights.net%2Fde%2Fmy-services%2Fmyskills%2F\" title=\"Share on Reddit\" aria-label=\"Share on Reddit\" role=\"button\" rel=\"noopener nofollow\" class=\"shariff-link\" style=\"; background-color:#ff4500; color:#fff\" target=\"_blank\"><span class=\"shariff-icon\" style=\"\"><svg xmlns=\"http:\/\/www.w3.org\/2000\/svg\" viewBox=\"0 0 512 512\"><path fill=\"#ff4500\" d=\"M440.3 203.5c-15 0-28.2 6.2-37.9 15.9-35.7-24.7-83.8-40.6-137.1-42.3L293 52.3l88.2 19.8c0 21.6 17.6 39.2 39.2 39.2 22 0 39.7-18.1 39.7-39.7s-17.6-39.7-39.7-39.7c-15.4 0-28.7 9.3-35.3 22l-97.4-21.6c-4.9-1.3-9.7 2.2-11 7.1L246.3 177c-52.9 2.2-100.5 18.1-136.3 42.8-9.7-10.1-23.4-16.3-38.4-16.3-55.6 0-73.8 74.6-22.9 100.1-1.8 7.9-2.6 16.3-2.6 24.7 0 83.8 94.4 151.7 210.3 151.7 116.4 0 210.8-67.9 210.8-151.7 0-8.4-.9-17.2-3.1-25.1 49.9-25.6 31.5-99.7-23.8-99.7zM129.4 308.9c0-22 17.6-39.7 39.7-39.7 21.6 0 39.2 17.6 39.2 39.7 0 21.6-17.6 39.2-39.2 39.2-22 .1-39.7-17.6-39.7-39.2zm214.3 93.5c-36.4 36.4-139.1 36.4-175.5 0-4-3.5-4-9.7 0-13.7 3.5-3.5 9.7-3.5 13.2 0 27.8 28.5 120 29 149 0 3.5-3.5 9.7-3.5 13.2 0 4.1 4 4.1 10.2.1 13.7zm-.8-54.2c-21.6 0-39.2-17.6-39.2-39.2 0-22 17.6-39.7 39.2-39.7 22 0 39.7 17.6 39.7 39.7-.1 21.5-17.7 39.2-39.7 39.2z\"\/><\/svg><\/span><\/a><\/li><li class=\"shariff-button rss shariff-nocustomcolor\" style=\"background-color:#ff8c00\"><a href=\"https:\/\/endpointinsights.net\/de\/feed\/rss\/\" title=\"RSS feed\" aria-label=\"RSS feed\" role=\"button\" class=\"shariff-link\" style=\"; background-color:#fe9312; color:#fff\" target=\"_blank\"><span class=\"shariff-icon\" style=\"\"><svg width=\"32px\" height=\"20px\" xmlns=\"http:\/\/www.w3.org\/2000\/svg\" viewBox=\"0 0 32 32\"><path fill=\"#fe9312\" d=\"M4.3 23.5c-2.3 0-4.3 1.9-4.3 4.3 0 2.3 1.9 4.2 4.3 4.2 2.4 0 4.3-1.9 4.3-4.2 0-2.3-1.9-4.3-4.3-4.3zM0 10.9v6.1c4 0 7.7 1.6 10.6 4.4 2.8 2.8 4.4 6.6 4.4 10.6h6.2c0-11.7-9.5-21.1-21.1-21.1zM0 0v6.1c14.2 0 25.8 11.6 25.8 25.9h6.2c0-17.6-14.4-32-32-32z\"\/><\/svg><\/span><\/a><\/li><li class=\"shariff-button twitter shariff-nocustomcolor\" style=\"background-color:#595959\"><a href=\"https:\/\/twitter.com\/share?url=https%3A%2F%2Fendpointinsights.net%2Fde%2Fmy-services%2Fmyskills%2F&text=Meine%20Services\" title=\"Share on X\" aria-label=\"Share on X\" role=\"button\" rel=\"noopener nofollow\" class=\"shariff-link\" style=\"; background-color:#000; color:#fff\" target=\"_blank\"><span class=\"shariff-icon\" style=\"\"><svg width=\"32px\" height=\"20px\" xmlns=\"http:\/\/www.w3.org\/2000\/svg\" viewBox=\"0 0 24 24\"><path fill=\"#000\" d=\"M14.258 10.152L23.176 0h-2.113l-7.747 8.813L7.133 0H0l9.352 13.328L0 23.973h2.113l8.176-9.309 6.531 9.309h7.133zm-2.895 3.293l-.949-1.328L2.875 1.56h3.246l6.086 8.523.945 1.328 7.91 11.078h-3.246zm0 0\"\/><\/svg><\/span><\/a><\/li><\/ul><\/div>","protected":false},"excerpt":{"rendered":"<p>Skill Beschreibung Microsoft Technologien Cloud Transformation \u00dcbergang von On-Premises-IT-Systemen zur Cloud und Optimierung der IT-Infrastruktur. Microsoft Azure, Entra Security Consulting Implementierung und Verwaltung von Sicherheitsl\u00f6sungen zum Schutz Ihrer Daten und Systeme. Microsoft Defender, Entra Security Center, Microsoft Sentinel Identity and Access Management Konfiguration und Verwaltung von Benutzerkonten und Berechtigungen, um nur autorisierten Zugriff zu gew\u00e4hrleisten. Entra ID, Conditional Access, MFA<\/p>\n<p><a class=\"more-link\" href=\"https:\/\/endpointinsights.net\/de\/my-services\/myskills\/\">Weiterlesen<\/a><\/p>\n","protected":false},"author":1,"featured_media":0,"parent":603,"menu_order":0,"comment_status":"closed","ping_status":"closed","template":"","meta":[],"translation":{"provider":"WPGlobus","version":"3.0.2","language":"de","enabled_languages":["en","de"],"languages":{"en":{"title":true,"content":true,"excerpt":false},"de":{"title":true,"content":true,"excerpt":false}}},"_links":{"self":[{"href":"https:\/\/endpointinsights.net\/de\/wp-json\/wp\/v2\/pages\/616"}],"collection":[{"href":"https:\/\/endpointinsights.net\/de\/wp-json\/wp\/v2\/pages"}],"about":[{"href":"https:\/\/endpointinsights.net\/de\/wp-json\/wp\/v2\/types\/page"}],"author":[{"embeddable":true,"href":"https:\/\/endpointinsights.net\/de\/wp-json\/wp\/v2\/users\/1"}],"replies":[{"embeddable":true,"href":"https:\/\/endpointinsights.net\/de\/wp-json\/wp\/v2\/comments?post=616"}],"version-history":[{"count":26,"href":"https:\/\/endpointinsights.net\/de\/wp-json\/wp\/v2\/pages\/616\/revisions"}],"predecessor-version":[{"id":1454,"href":"https:\/\/endpointinsights.net\/de\/wp-json\/wp\/v2\/pages\/616\/revisions\/1454"}],"up":[{"embeddable":true,"href":"https:\/\/endpointinsights.net\/de\/wp-json\/wp\/v2\/pages\/603"}],"wp:attachment":[{"href":"https:\/\/endpointinsights.net\/de\/wp-json\/wp\/v2\/media?parent=616"}],"curies":[{"name":"wp","href":"https:\/\/api.w.org\/{rel}","templated":true}]}}