{"id":819,"date":"2024-11-29T12:05:10","date_gmt":"2024-11-29T11:05:10","guid":{"rendered":"https:\/\/endpointinsights.net\/?page_id=819"},"modified":"2025-01-30T18:43:45","modified_gmt":"2025-01-30T17:43:45","slug":"presentations","status":"publish","type":"page","link":"https:\/\/endpointinsights.net\/de\/solutionssp\/presentations\/","title":{"rendered":"Pr\u00e4sentationen"},"content":{"rendered":"Du musst angemeldet sein, um diesen Inhalt sehen zu k\u00f6nnen.","protected":false},"excerpt":{"rendered":"Du musst angemeldet sein, um diesen Inhalt sehen zu k\u00f6nnen.","protected":false},"author":1,"featured_media":0,"parent":297,"menu_order":0,"comment_status":"closed","ping_status":"closed","template":"","meta":[],"translation":{"provider":"WPGlobus","version":"3.0.2","language":"de","enabled_languages":["en","de"],"languages":{"en":{"title":true,"content":true,"excerpt":false},"de":{"title":true,"content":true,"excerpt":false}}},"_links":{"self":[{"href":"https:\/\/endpointinsights.net\/de\/wp-json\/wp\/v2\/pages\/819"}],"collection":[{"href":"https:\/\/endpointinsights.net\/de\/wp-json\/wp\/v2\/pages"}],"about":[{"href":"https:\/\/endpointinsights.net\/de\/wp-json\/wp\/v2\/types\/page"}],"author":[{"embeddable":true,"href":"https:\/\/endpointinsights.net\/de\/wp-json\/wp\/v2\/users\/1"}],"replies":[{"embeddable":true,"href":"https:\/\/endpointinsights.net\/de\/wp-json\/wp\/v2\/comments?post=819"}],"version-history":[{"count":9,"href":"https:\/\/endpointinsights.net\/de\/wp-json\/wp\/v2\/pages\/819\/revisions"}],"predecessor-version":[{"id":1293,"href":"https:\/\/endpointinsights.net\/de\/wp-json\/wp\/v2\/pages\/819\/revisions\/1293"}],"up":[{"embeddable":true,"href":"https:\/\/endpointinsights.net\/de\/wp-json\/wp\/v2\/pages\/297"}],"wp:attachment":[{"href":"https:\/\/endpointinsights.net\/de\/wp-json\/wp\/v2\/media?parent=819"}],"curies":[{"name":"wp","href":"https:\/\/api.w.org\/{rel}","templated":true}]}}